{"id":2,"date":"2025-03-03T10:43:58","date_gmt":"2025-03-03T10:43:58","guid":{"rendered":"https:\/\/rafaelaguirrepintor.com\/?page_id=2"},"modified":"2025-06-25T16:32:05","modified_gmt":"2025-06-25T16:32:05","slug":"sample-page","status":"publish","type":"page","link":"https:\/\/rafaelaguirrepintor.com\/","title":{"rendered":"About"},"content":{"rendered":"<!-- wp:themify-builder\/canvas \/-->","protected":false},"excerpt":{"rendered":"","protected":false},"author":1,"featured_media":0,"parent":0,"menu_order":0,"comment_status":"closed","ping_status":"closed","template":"","meta":{"footnotes":""},"class_list":["post-2","page","type-page","status-publish","hentry","has-post-title","has-post-date","has-post-category","has-post-tag","has-post-comment","has-post-author",""],"builder_content":"<h3>Artista pl\u00e1stico mexicano. Hiperrealista, colorista, paisajista<\/h3> <p>Artista pl\u00e1stico autodidacta, que despu\u00e9s de m\u00e1s de 40 a\u00f1os como pintor de origen paisajista, ha diversificado su t\u00e9cnica e inspiraciones; pasando del paisaje al retrato, o del bodeg\u00f3n al mural, jugando con \u00f3leo, pasteles, acr\u00edlicos, carboncillo, tinta y l\u00e1piz. Ha recorrido los lugares m\u00e1s rec\u00f3nditos no solo de la rep\u00fablica mexicana, sino de parajes en todo el mundo. Ha traducido a trav\u00e9s de sus ojos y trazos el semidesierto en Coahuila, una Hacienda queretana o hasta un manglar en el pa\u00eds vasco franc\u00e9s.<\/p>\n<h3>Mexican visual artist. Hyperrealist, colorist, landscape painter<\/h3> <p>A self-taught visual artist who, after over 40 years as a painter primarily focused on landscapes, has diversified his technique and inspirations, transitioning from landscapes to portraits or still life to murals, experimenting with oil, pastels, acrylics, charcoal, ink, and pencil. He has traveled to the most remote places not only in the Mexican republic but also to landscapes all around the world. Through his eyes and strokes, he has translated the desert in Coahuila, a Queretan hacienda, or even a mangrove in the French Basque Country.<\/p>\n<img src=\"https:\/\/rafaelaguirrepintor.com\/wp-content\/uploads\/2025\/03\/Rafael-Aguirre-5.jpg\" title=\"Rafael Aguirre\" alt=\"Rafael Aguirre\" srcset=\"https:\/\/rafaelaguirrepintor.com\/wp-content\/uploads\/2025\/03\/Rafael-Aguirre-5.jpg 1400w, https:\/\/rafaelaguirrepintor.com\/wp-content\/uploads\/2025\/03\/Rafael-Aguirre-5-300x165.jpg 300w, https:\/\/rafaelaguirrepintor.com\/wp-content\/uploads\/2025\/03\/Rafael-Aguirre-5-1024x563.jpg 1024w, https:\/\/rafaelaguirrepintor.com\/wp-content\/uploads\/2025\/03\/Rafael-Aguirre-5-768x422.jpg 768w\" sizes=\"(max-width: 1400px) 100vw, 1400px\" \/>\n<p>\u00a0<\/p> <p>Arquitecto de profesi\u00f3n que desde ni\u00f1o mostr\u00f3 claras habilidades pl\u00e1sticas. A pesar de su talento natural se dedic\u00f3 a trabajar en distintos oficios para sostenerse y apoyar a su familia. Al mudarse a la Ciudad de M\u00e9xico, estuvo trabajando como carnicero, repartidor, bolero y como dibujante sobre pedido, esto en la carrera de arquitectura en la UNAM, donde dadas sus habilidades art\u00edsticas, apoyaba en las tareas a los compa\u00f1eros menos dotados a cambio de una remuneraci\u00f3n.<\/p>\n<p>\u00a0<\/p> <p>A trained architect who showed clear artistic abilities from a young age. Despite his natural talent, he worked in various jobs to support himself and his family. Upon moving to Mexico City, he worked as a butcher, deliveryman, shoe shiner, and as a commissioned artist, all while pursuing his architecture degree at UNAM. Given his artistic skills, he assisted less talented classmates with their assignments in exchange for compensation.<\/p>\n<img src=\"https:\/\/rafaelaguirrepintor.com\/wp-content\/uploads\/2025\/03\/Rafael-Aguirre-4.jpg\" title=\"Rafael Aguirre\" alt=\"Rafael Aguirre\" srcset=\"https:\/\/rafaelaguirrepintor.com\/wp-content\/uploads\/2025\/03\/Rafael-Aguirre-4.jpg 1400w, https:\/\/rafaelaguirrepintor.com\/wp-content\/uploads\/2025\/03\/Rafael-Aguirre-4-300x165.jpg 300w, https:\/\/rafaelaguirrepintor.com\/wp-content\/uploads\/2025\/03\/Rafael-Aguirre-4-1024x563.jpg 1024w, https:\/\/rafaelaguirrepintor.com\/wp-content\/uploads\/2025\/03\/Rafael-Aguirre-4-768x422.jpg 768w\" sizes=\"(max-width: 1400px) 100vw, 1400px\" \/>\n<p>\u00a0<\/p> <p>Sus primeros cuadros los expuso a la venta en San Jacinto, el famoso \u00abJard\u00edn del arte\u00bb en el barrio de San \u00c1ngel, en la Ciudad de M\u00e9xico. Ah\u00ed vendi\u00f3 sus primeros cuadros, recibi\u00f3 sus primeras cr\u00edticas y conoci\u00f3 a galeristas que impulsaron su transici\u00f3n de artista de bazar a pintor reconocido internacionalmente.<\/p>\n<p>\u00a0<\/p> <p>He displayed his first paintings for sale at San Jacinto, the famous \"Jard\u00edn del arte\" in the San \u00c1ngel neighborhood of Mexico City. There, he sold his first paintings, received his initial critiques, and met gallery owners who propelled his transition from a bazaar artist to an internationally recognized painter.<\/p>\n<img src=\"https:\/\/rafaelaguirrepintor.com\/wp-content\/uploads\/2025\/03\/Rafael-Aguirre-6.jpg\" title=\"Rafael Aguirre\" alt=\"Rafael Aguirre\" srcset=\"https:\/\/rafaelaguirrepintor.com\/wp-content\/uploads\/2025\/03\/Rafael-Aguirre-6.jpg 1400w, https:\/\/rafaelaguirrepintor.com\/wp-content\/uploads\/2025\/03\/Rafael-Aguirre-6-300x165.jpg 300w, https:\/\/rafaelaguirrepintor.com\/wp-content\/uploads\/2025\/03\/Rafael-Aguirre-6-1024x563.jpg 1024w, https:\/\/rafaelaguirrepintor.com\/wp-content\/uploads\/2025\/03\/Rafael-Aguirre-6-768x422.jpg 768w\" sizes=\"(max-width: 1400px) 100vw, 1400px\" \/>\n","_links":{"self":[{"href":"https:\/\/rafaelaguirrepintor.com\/index.php?rest_route=\/wp\/v2\/pages\/2","targetHints":{"allow":["GET"]}}],"collection":[{"href":"https:\/\/rafaelaguirrepintor.com\/index.php?rest_route=\/wp\/v2\/pages"}],"about":[{"href":"https:\/\/rafaelaguirrepintor.com\/index.php?rest_route=\/wp\/v2\/types\/page"}],"author":[{"embeddable":true,"href":"https:\/\/rafaelaguirrepintor.com\/index.php?rest_route=\/wp\/v2\/users\/1"}],"replies":[{"embeddable":true,"href":"https:\/\/rafaelaguirrepintor.com\/index.php?rest_route=%2Fwp%2Fv2%2Fcomments&post=2"}],"version-history":[{"count":65,"href":"https:\/\/rafaelaguirrepintor.com\/index.php?rest_route=\/wp\/v2\/pages\/2\/revisions"}],"predecessor-version":[{"id":141,"href":"https:\/\/rafaelaguirrepintor.com\/index.php?rest_route=\/wp\/v2\/pages\/2\/revisions\/141"}],"wp:attachment":[{"href":"https:\/\/rafaelaguirrepintor.com\/index.php?rest_route=%2Fwp%2Fv2%2Fmedia&parent=2"}],"curies":[{"name":"wp","href":"https:\/\/api.w.org\/{rel}","templated":true}]}}